{"id":205,"date":"2026-03-12T15:12:06","date_gmt":"2026-03-12T15:12:06","guid":{"rendered":"https:\/\/www.amybooth.fr\/?page_id=205"},"modified":"2026-03-12T15:28:42","modified_gmt":"2026-03-12T15:28:42","slug":"cgv","status":"publish","type":"page","link":"https:\/\/www.amybooth.fr\/index.php\/cgv\/","title":{"rendered":"CGV"},"content":{"rendered":"\t\t<div data-elementor-type=\"wp-page\" data-elementor-id=\"205\" class=\"elementor elementor-205\">\n\t\t\t\t<div class=\"elementor-element elementor-element-d35acac e-flex e-con-boxed e-con e-parent\" data-id=\"d35acac\" data-element_type=\"container\" data-e-type=\"container\">\n\t\t\t\t\t<div class=\"e-con-inner\">\n\t\t\t\t<div class=\"elementor-element elementor-element-1bb9385 elementor-widget elementor-widget-text-editor\" data-id=\"1bb9385\" data-element_type=\"widget\" data-e-type=\"widget\" data-widget_type=\"text-editor.default\">\n\t\t\t\t\t\t\t\t\t<p>CONDITIONS G\u00c9N\u00c9RALES DE VENTE \u2013 LOCATION DE PHOTOBOOTH<\/p><p>1. Objet Les pr\u00e9sentes conditions r\u00e9gissent les prestations de location<br \/>de photobooth propos\u00e9es par AMY Photobooth \u2013 Alexis Yckache.<\/p><p>2. R\u00e9servation La r\u00e9servation d\u2019un photobooth est confirm\u00e9e apr\u00e8s :<\/p><p>&#8211; validation du devis<br \/>&#8211; versement d\u2019un acompte d&rsquo;un montant correspondant \u00e0 30% de la somme totale d\u00fbe.<\/p><p>3. Tarifs Les tarifs sont indiqu\u00e9s en euros et correspondent \u00e0 la<br \/>prestation d\u00e9crite dans le devis.<\/p><p>4. Paiement Le paiement peut \u00eatre effectu\u00e9 par virement, esp\u00e8ces ou<br \/>autre moyen convenu entre les parties. Le solde doit \u00eatre r\u00e9gl\u00e9<br \/>avant ou le jour de la prestation.<\/p><p>5. Utilisation du mat\u00e9riel Le mat\u00e9riel reste la propri\u00e9t\u00e9 de AMY<br \/>Photobooth. Le client s\u2019engage \u00e0 en prendre soin pendant toute la<br \/>dur\u00e9e de la location. La livraison du photobooth ne pourra \u00eatre effectu\u00e9e sans la mise \u00e0 disposition d&rsquo;un ch\u00e8que de caution d&rsquo;un montant de 3.000\u20ac. Ce ch\u00e8que n&rsquo;est pas encaiss\u00e9, et vous sera remis lors de la r\u00e9cup\u00e9rations de la machine apr\u00e8s avoir v\u00e9rifi\u00e9 que l&rsquo;\u00e9tat est le m\u00eame que lors de la livraison.<\/p><p>Toute d\u00e9gradation ou perte pourra \u00eatre factur\u00e9e.<\/p><p>6. Responsabilit\u00e9 AMY Photobooth ne pourra \u00eatre tenu responsable en cas<br \/>de :<\/p><p>&#8211; mauvaise utilisation du mat\u00e9riel<br \/>&#8211; probl\u00e8me technique ind\u00e9pendant de sa volont\u00e9<br \/>&#8211; interruption li\u00e9e \u00e0 un cas de force majeure.<\/p><p>7. Droit \u00e0 l\u2019image Les photos r\u00e9alis\u00e9es lors de l\u2019\u00e9v\u00e9nement peuvent<br \/>\u00eatre utilis\u00e9es \u00e0 des fins de promotion sauf opposition explicite du<br \/>client.<\/p><p>8. Litiges En cas de litige, une solution amiable sera privil\u00e9gi\u00e9e. \u00c0<br \/>d\u00e9faut, les tribunaux comp\u00e9tents seront ceux du lieu du si\u00e8ge de<br \/>l\u2019entreprise.<\/p>\t\t\t\t\t\t\t\t<\/div>\n\t\t\t\t\t<\/div>\n\t\t\t\t<\/div>\n\t\t\t\t<\/div>\n\t\t","protected":false},"excerpt":{"rendered":"<p>CONDITIONS G\u00c9N\u00c9RALES DE VENTE \u2013 LOCATION DE PHOTOBOOTH 1. Objet Les pr\u00e9sentes conditions r\u00e9gissent les prestations de locationde photobooth propos\u00e9es par AMY Photobooth \u2013 Alexis Yckache. 2. R\u00e9servation La r\u00e9servation d\u2019un photobooth est confirm\u00e9e apr\u00e8s : &#8211; validation du devis&#8211; versement d\u2019un acompte d&rsquo;un montant correspondant \u00e0 30% de la somme totale d\u00fbe. 3. Tarifs [&hellip;]<\/p>\n","protected":false},"author":1,"featured_media":0,"parent":0,"menu_order":0,"comment_status":"closed","ping_status":"closed","template":"","meta":{"footnotes":""},"class_list":["post-205","page","type-page","status-publish","hentry"],"yoast_head":"<!-- This site is optimized with the Yoast SEO plugin v27.1.1 - https:\/\/yoast.com\/product\/yoast-seo-wordpress\/ -->\n<title>CGV - AMY Photobooth | Location de photobooth \u00e0 Saint-Martin-de-Crau<\/title>\n<meta name=\"robots\" content=\"index, follow, max-snippet:-1, max-image-preview:large, max-video-preview:-1\" \/>\n<link rel=\"canonical\" href=\"https:\/\/www.amybooth.fr\/index.php\/cgv\/\" \/>\n<meta property=\"og:locale\" content=\"fr_FR\" \/>\n<meta property=\"og:type\" content=\"article\" \/>\n<meta property=\"og:title\" content=\"CGV - AMY Photobooth | Location de photobooth \u00e0 Saint-Martin-de-Crau\" \/>\n<meta property=\"og:description\" content=\"CONDITIONS G\u00c9N\u00c9RALES DE VENTE \u2013 LOCATION DE PHOTOBOOTH 1. Objet Les pr\u00e9sentes conditions r\u00e9gissent les prestations de locationde photobooth propos\u00e9es par AMY Photobooth \u2013 Alexis Yckache. 2. R\u00e9servation La r\u00e9servation d\u2019un photobooth est confirm\u00e9e apr\u00e8s : &#8211; validation du devis&#8211; versement d\u2019un acompte d&rsquo;un montant correspondant \u00e0 30% de la somme totale d\u00fbe. 3. Tarifs [&hellip;]\" \/>\n<meta property=\"og:url\" content=\"https:\/\/www.amybooth.fr\/index.php\/cgv\/\" \/>\n<meta property=\"og:site_name\" content=\"AMY Photobooth | Location de photobooth \u00e0 Saint-Martin-de-Crau\" \/>\n<meta property=\"article:publisher\" content=\"https:\/\/www.facebook.com\/profile.php?id=100074641773813\" \/>\n<meta property=\"article:modified_time\" content=\"2026-03-12T15:28:42+00:00\" \/>\n<meta name=\"twitter:card\" content=\"summary_large_image\" \/>\n<meta name=\"twitter:label1\" content=\"Dur\u00e9e de lecture estim\u00e9e\" \/>\n\t<meta name=\"twitter:data1\" content=\"2 minutes\" \/>\n<script type=\"application\/ld+json\" class=\"yoast-schema-graph\">{\"@context\":\"https:\/\/schema.org\",\"@graph\":[{\"@type\":\"WebPage\",\"@id\":\"https:\/\/www.amybooth.fr\/index.php\/cgv\/\",\"url\":\"https:\/\/www.amybooth.fr\/index.php\/cgv\/\",\"name\":\"CGV - AMY Photobooth | Location de photobooth \u00e0 Saint-Martin-de-Crau\",\"isPartOf\":{\"@id\":\"https:\/\/www.amybooth.fr\/#website\"},\"datePublished\":\"2026-03-12T15:12:06+00:00\",\"dateModified\":\"2026-03-12T15:28:42+00:00\",\"breadcrumb\":{\"@id\":\"https:\/\/www.amybooth.fr\/index.php\/cgv\/#breadcrumb\"},\"inLanguage\":\"fr-FR\",\"potentialAction\":[{\"@type\":\"ReadAction\",\"target\":[\"https:\/\/www.amybooth.fr\/index.php\/cgv\/\"]}]},{\"@type\":\"BreadcrumbList\",\"@id\":\"https:\/\/www.amybooth.fr\/index.php\/cgv\/#breadcrumb\",\"itemListElement\":[{\"@type\":\"ListItem\",\"position\":1,\"name\":\"Home\",\"item\":\"https:\/\/www.amybooth.fr\/\"},{\"@type\":\"ListItem\",\"position\":2,\"name\":\"CGV\"}]},{\"@type\":\"WebSite\",\"@id\":\"https:\/\/www.amybooth.fr\/#website\",\"url\":\"https:\/\/www.amybooth.fr\/\",\"name\":\"AMY Photobooth | Location de photobooth \u00e0 Saint-Martin-de-Crau\",\"description\":\"Location de photobooth pour mariages, anniversaires et \u00e9v\u00e9nements dans les Bouches-du-Rh\u00f4ne. Bas\u00e9 \u00e0 Saint-Martin-de-Crau, Amy Photobooth se d\u00e9place \u00e0 Arles, Salon-de-Provence, Istres, Miramas, Avignon et alentours.\",\"potentialAction\":[{\"@type\":\"SearchAction\",\"target\":{\"@type\":\"EntryPoint\",\"urlTemplate\":\"https:\/\/www.amybooth.fr\/?s={search_term_string}\"},\"query-input\":{\"@type\":\"PropertyValueSpecification\",\"valueRequired\":true,\"valueName\":\"search_term_string\"}}],\"inLanguage\":\"fr-FR\"}]}<\/script>\n<!-- \/ Yoast SEO plugin. -->","yoast_head_json":{"title":"CGV - AMY Photobooth | Location de photobooth \u00e0 Saint-Martin-de-Crau","robots":{"index":"index","follow":"follow","max-snippet":"max-snippet:-1","max-image-preview":"max-image-preview:large","max-video-preview":"max-video-preview:-1"},"canonical":"https:\/\/www.amybooth.fr\/index.php\/cgv\/","og_locale":"fr_FR","og_type":"article","og_title":"CGV - AMY Photobooth | Location de photobooth \u00e0 Saint-Martin-de-Crau","og_description":"CONDITIONS G\u00c9N\u00c9RALES DE VENTE \u2013 LOCATION DE PHOTOBOOTH 1. Objet Les pr\u00e9sentes conditions r\u00e9gissent les prestations de locationde photobooth propos\u00e9es par AMY Photobooth \u2013 Alexis Yckache. 2. R\u00e9servation La r\u00e9servation d\u2019un photobooth est confirm\u00e9e apr\u00e8s : &#8211; validation du devis&#8211; versement d\u2019un acompte d&rsquo;un montant correspondant \u00e0 30% de la somme totale d\u00fbe. 3. Tarifs [&hellip;]","og_url":"https:\/\/www.amybooth.fr\/index.php\/cgv\/","og_site_name":"AMY Photobooth | Location de photobooth \u00e0 Saint-Martin-de-Crau","article_publisher":"https:\/\/www.facebook.com\/profile.php?id=100074641773813","article_modified_time":"2026-03-12T15:28:42+00:00","twitter_card":"summary_large_image","twitter_misc":{"Dur\u00e9e de lecture estim\u00e9e":"2 minutes"},"schema":{"@context":"https:\/\/schema.org","@graph":[{"@type":"WebPage","@id":"https:\/\/www.amybooth.fr\/index.php\/cgv\/","url":"https:\/\/www.amybooth.fr\/index.php\/cgv\/","name":"CGV - AMY Photobooth | Location de photobooth \u00e0 Saint-Martin-de-Crau","isPartOf":{"@id":"https:\/\/www.amybooth.fr\/#website"},"datePublished":"2026-03-12T15:12:06+00:00","dateModified":"2026-03-12T15:28:42+00:00","breadcrumb":{"@id":"https:\/\/www.amybooth.fr\/index.php\/cgv\/#breadcrumb"},"inLanguage":"fr-FR","potentialAction":[{"@type":"ReadAction","target":["https:\/\/www.amybooth.fr\/index.php\/cgv\/"]}]},{"@type":"BreadcrumbList","@id":"https:\/\/www.amybooth.fr\/index.php\/cgv\/#breadcrumb","itemListElement":[{"@type":"ListItem","position":1,"name":"Home","item":"https:\/\/www.amybooth.fr\/"},{"@type":"ListItem","position":2,"name":"CGV"}]},{"@type":"WebSite","@id":"https:\/\/www.amybooth.fr\/#website","url":"https:\/\/www.amybooth.fr\/","name":"AMY Photobooth | Location de photobooth \u00e0 Saint-Martin-de-Crau","description":"Location de photobooth pour mariages, anniversaires et \u00e9v\u00e9nements dans les Bouches-du-Rh\u00f4ne. Bas\u00e9 \u00e0 Saint-Martin-de-Crau, Amy Photobooth se d\u00e9place \u00e0 Arles, Salon-de-Provence, Istres, Miramas, Avignon et alentours.","potentialAction":[{"@type":"SearchAction","target":{"@type":"EntryPoint","urlTemplate":"https:\/\/www.amybooth.fr\/?s={search_term_string}"},"query-input":{"@type":"PropertyValueSpecification","valueRequired":true,"valueName":"search_term_string"}}],"inLanguage":"fr-FR"}]}},"_links":{"self":[{"href":"https:\/\/www.amybooth.fr\/index.php\/wp-json\/wp\/v2\/pages\/205","targetHints":{"allow":["GET"]}}],"collection":[{"href":"https:\/\/www.amybooth.fr\/index.php\/wp-json\/wp\/v2\/pages"}],"about":[{"href":"https:\/\/www.amybooth.fr\/index.php\/wp-json\/wp\/v2\/types\/page"}],"author":[{"embeddable":true,"href":"https:\/\/www.amybooth.fr\/index.php\/wp-json\/wp\/v2\/users\/1"}],"replies":[{"embeddable":true,"href":"https:\/\/www.amybooth.fr\/index.php\/wp-json\/wp\/v2\/comments?post=205"}],"version-history":[{"count":9,"href":"https:\/\/www.amybooth.fr\/index.php\/wp-json\/wp\/v2\/pages\/205\/revisions"}],"predecessor-version":[{"id":223,"href":"https:\/\/www.amybooth.fr\/index.php\/wp-json\/wp\/v2\/pages\/205\/revisions\/223"}],"wp:attachment":[{"href":"https:\/\/www.amybooth.fr\/index.php\/wp-json\/wp\/v2\/media?parent=205"}],"curies":[{"name":"wp","href":"https:\/\/api.w.org\/{rel}","templated":true}]}}