{"id":197,"date":"2026-03-12T15:04:20","date_gmt":"2026-03-12T15:04:20","guid":{"rendered":"https:\/\/www.amybooth.fr\/?page_id=197"},"modified":"2026-03-12T15:31:38","modified_gmt":"2026-03-12T15:31:38","slug":"mentions-legales","status":"publish","type":"page","link":"https:\/\/www.amybooth.fr\/index.php\/mentions-legales\/","title":{"rendered":"Mentions L\u00e9gales"},"content":{"rendered":"\t\t<div data-elementor-type=\"wp-page\" data-elementor-id=\"197\" class=\"elementor elementor-197\">\n\t\t\t\t<div class=\"elementor-element elementor-element-1bdece1 e-flex e-con-boxed e-con e-parent\" data-id=\"1bdece1\" data-element_type=\"container\" data-e-type=\"container\">\n\t\t\t\t\t<div class=\"e-con-inner\">\n\t\t\t\t<div class=\"elementor-element elementor-element-1093d64 elementor-widget elementor-widget-text-editor\" data-id=\"1093d64\" data-element_type=\"widget\" data-e-type=\"widget\" data-widget_type=\"text-editor.default\">\n\t\t\t\t\t\t\t\t\t<p><strong>1. \u00c9diteur du site<\/strong><\/p><p>Le pr\u00e9sent site est \u00e9dit\u00e9 par :<\/p><p><strong>Alexis Yckache<\/strong><\/p><p>Auto-entrepreneur \u2013 Photographe<\/p><p>Nom commercial : <strong>AMY<\/strong><br \/><strong>Photobooth<\/strong><\/p><p>Email : alexis.yckache@yahoo.fr<\/p><p>Le responsable de la publication est <strong>Alexis Yckache<\/strong>.<\/p><p><strong>2.<\/strong> <strong>H\u00e9bergement<\/strong><\/p><p>Le site est h\u00e9berg\u00e9 par :<\/p><p><strong>OVHcloud<\/strong><\/p><p>2 rue Kellermann 59100 Roubaix \u2013 France Site web :<br \/>https:\/\/www.ovh.com<\/p><p><strong>3. Propri\u00e9t\u00e9 intellectuelle<\/strong> L\u2019ensemble du contenu pr\u00e9sent sur ce site<br \/>(textes, images, photographies, logos, graphismes, vid\u00e9os, etc.) est<br \/>la propri\u00e9t\u00e9 exclusive de<strong> AMY Photobooth \/ Alexis Yckache<\/strong>, sauf<br \/>mention contraire.<\/p><p>Toute reproduction, distribution, modification ou utilisation de ces<br \/>contenus, sans autorisation pr\u00e9alable \u00e9crite, est strictement interdite.<\/p><p><strong>4. Responsabilit\u00e9<\/strong><\/p><p>Les informations pr\u00e9sentes sur ce site sont fournies<br \/>\u00e0 titre informatif. L\u2019\u00e9diteur du site s\u2019efforce de fournir des<br \/>informations aussi pr\u00e9cises que possible mais ne saurait \u00eatre tenu<br \/>responsable des omissions, inexactitudes ou carences dans la mise \u00e0 jour.<\/p><p>L\u2019utilisation des informations disponibles sur ce site se fait sous la<br \/>seule responsabilit\u00e9 de l\u2019utilisateur.<\/p><p><strong>5. Donn\u00e9es personnelles<\/strong><\/p><p>Les informations personnelles pouvant \u00eatre<br \/>collect\u00e9es sur ce site le sont uniquement via le<strong> formulaire de<\/strong><br \/><strong>contact.<\/strong><\/p><p>Ces donn\u00e9es peuvent inclure notamment : &#8211; nom &#8211; adresse email &#8211; message<br \/>envoy\u00e9<\/p><p>Ces informations sont utilis\u00e9es uniquement afin de <strong>r\u00e9pondre aux demandes<\/strong><br \/><strong>de contact ou de devis.<\/strong><\/p><p>Les donn\u00e9es ne sont <strong>jamais vendues, \u00e9chang\u00e9es ou c\u00e9d\u00e9es \u00e0 des tiers.<\/strong><\/p><p>Conform\u00e9ment au <strong>R\u00e8glement G\u00e9n\u00e9ral sur la Protection des Donn\u00e9es (RGPD)<\/strong><br \/>et \u00e0 la loi Informatique et Libert\u00e9s, vous disposez des droits suivants<br \/>: &#8211; droit d\u2019acc\u00e8s &#8211; droit de rectification &#8211; droit de suppression des<br \/>donn\u00e9es<\/p><p>Pour exercer ces droits, vous pouvez contacter : alexis.yckache@yahoo.fr<\/p><p><strong>6. Cookies<\/strong><\/p><p>Le site peut utiliser des cookies afin d\u2019am\u00e9liorer<br \/>l\u2019exp\u00e9rience utilisateur et d\u2019\u00e9tablir des statistiques de<br \/>fr\u00e9quentation.<\/p><p>Un cookie est un petit fichier enregistr\u00e9 sur votre appareil lors de la<br \/>navigation sur un site internet.<\/p><p>Vous pouvez \u00e0 tout moment configurer votre navigateur pour refuser ou<br \/>supprimer les cookies.<\/p><p>\u00a0<\/p><p>Pour plus d\u2019informations concernant l\u2019utilisation des donn\u00e9es personnelles,<br \/>consultez notre <a href=\"https:\/\/www.amybooth.fr\/index.php\/politique-de-confidentialite\/\">Politique de confidentialit\u00e9<\/a>.<\/p><p data-start=\"2338\" data-end=\"2430\">\u00a0<\/p>\t\t\t\t\t\t\t\t<\/div>\n\t\t\t\t\t<\/div>\n\t\t\t\t<\/div>\n\t\t\t\t<\/div>\n\t\t","protected":false},"excerpt":{"rendered":"<p>1. \u00c9diteur du site Le pr\u00e9sent site est \u00e9dit\u00e9 par : Alexis Yckache Auto-entrepreneur \u2013 Photographe Nom commercial : AMYPhotobooth Email : alexis.yckache@yahoo.fr Le responsable de la publication est Alexis Yckache. 2. H\u00e9bergement Le site est h\u00e9berg\u00e9 par : OVHcloud 2 rue Kellermann 59100 Roubaix \u2013 France Site web :https:\/\/www.ovh.com 3. Propri\u00e9t\u00e9 intellectuelle L\u2019ensemble du [&hellip;]<\/p>\n","protected":false},"author":1,"featured_media":0,"parent":0,"menu_order":0,"comment_status":"closed","ping_status":"closed","template":"","meta":{"footnotes":""},"class_list":["post-197","page","type-page","status-publish","hentry"],"yoast_head":"<!-- This site is optimized with the Yoast SEO plugin v27.1.1 - https:\/\/yoast.com\/product\/yoast-seo-wordpress\/ -->\n<title>Mentions L\u00e9gales - AMY Photobooth | Location de photobooth \u00e0 Saint-Martin-de-Crau<\/title>\n<meta name=\"robots\" content=\"index, follow, max-snippet:-1, max-image-preview:large, max-video-preview:-1\" \/>\n<link rel=\"canonical\" href=\"https:\/\/www.amybooth.fr\/index.php\/mentions-legales\/\" \/>\n<meta property=\"og:locale\" content=\"fr_FR\" \/>\n<meta property=\"og:type\" content=\"article\" \/>\n<meta property=\"og:title\" content=\"Mentions L\u00e9gales - AMY Photobooth | Location de photobooth \u00e0 Saint-Martin-de-Crau\" \/>\n<meta property=\"og:description\" content=\"1. \u00c9diteur du site Le pr\u00e9sent site est \u00e9dit\u00e9 par : Alexis Yckache Auto-entrepreneur \u2013 Photographe Nom commercial : AMYPhotobooth Email : alexis.yckache@yahoo.fr Le responsable de la publication est Alexis Yckache. 2. H\u00e9bergement Le site est h\u00e9berg\u00e9 par : OVHcloud 2 rue Kellermann 59100 Roubaix \u2013 France Site web :https:\/\/www.ovh.com 3. Propri\u00e9t\u00e9 intellectuelle L\u2019ensemble du [&hellip;]\" \/>\n<meta property=\"og:url\" content=\"https:\/\/www.amybooth.fr\/index.php\/mentions-legales\/\" \/>\n<meta property=\"og:site_name\" content=\"AMY Photobooth | Location de photobooth \u00e0 Saint-Martin-de-Crau\" \/>\n<meta property=\"article:publisher\" content=\"https:\/\/www.facebook.com\/profile.php?id=100074641773813\" \/>\n<meta property=\"article:modified_time\" content=\"2026-03-12T15:31:38+00:00\" \/>\n<meta name=\"twitter:card\" content=\"summary_large_image\" \/>\n<meta name=\"twitter:label1\" content=\"Dur\u00e9e de lecture estim\u00e9e\" \/>\n\t<meta name=\"twitter:data1\" content=\"2 minutes\" \/>\n<script type=\"application\/ld+json\" class=\"yoast-schema-graph\">{\"@context\":\"https:\/\/schema.org\",\"@graph\":[{\"@type\":\"WebPage\",\"@id\":\"https:\/\/www.amybooth.fr\/index.php\/mentions-legales\/\",\"url\":\"https:\/\/www.amybooth.fr\/index.php\/mentions-legales\/\",\"name\":\"Mentions L\u00e9gales - AMY Photobooth | Location de photobooth \u00e0 Saint-Martin-de-Crau\",\"isPartOf\":{\"@id\":\"https:\/\/www.amybooth.fr\/#website\"},\"datePublished\":\"2026-03-12T15:04:20+00:00\",\"dateModified\":\"2026-03-12T15:31:38+00:00\",\"breadcrumb\":{\"@id\":\"https:\/\/www.amybooth.fr\/index.php\/mentions-legales\/#breadcrumb\"},\"inLanguage\":\"fr-FR\",\"potentialAction\":[{\"@type\":\"ReadAction\",\"target\":[\"https:\/\/www.amybooth.fr\/index.php\/mentions-legales\/\"]}]},{\"@type\":\"BreadcrumbList\",\"@id\":\"https:\/\/www.amybooth.fr\/index.php\/mentions-legales\/#breadcrumb\",\"itemListElement\":[{\"@type\":\"ListItem\",\"position\":1,\"name\":\"Home\",\"item\":\"https:\/\/www.amybooth.fr\/\"},{\"@type\":\"ListItem\",\"position\":2,\"name\":\"Mentions L\u00e9gales\"}]},{\"@type\":\"WebSite\",\"@id\":\"https:\/\/www.amybooth.fr\/#website\",\"url\":\"https:\/\/www.amybooth.fr\/\",\"name\":\"AMY Photobooth | Location de photobooth \u00e0 Saint-Martin-de-Crau\",\"description\":\"Location de photobooth pour mariages, anniversaires et \u00e9v\u00e9nements dans les Bouches-du-Rh\u00f4ne. Bas\u00e9 \u00e0 Saint-Martin-de-Crau, Amy Photobooth se d\u00e9place \u00e0 Arles, Salon-de-Provence, Istres, Miramas, Avignon et alentours.\",\"potentialAction\":[{\"@type\":\"SearchAction\",\"target\":{\"@type\":\"EntryPoint\",\"urlTemplate\":\"https:\/\/www.amybooth.fr\/?s={search_term_string}\"},\"query-input\":{\"@type\":\"PropertyValueSpecification\",\"valueRequired\":true,\"valueName\":\"search_term_string\"}}],\"inLanguage\":\"fr-FR\"}]}<\/script>\n<!-- \/ Yoast SEO plugin. -->","yoast_head_json":{"title":"Mentions L\u00e9gales - AMY Photobooth | Location de photobooth \u00e0 Saint-Martin-de-Crau","robots":{"index":"index","follow":"follow","max-snippet":"max-snippet:-1","max-image-preview":"max-image-preview:large","max-video-preview":"max-video-preview:-1"},"canonical":"https:\/\/www.amybooth.fr\/index.php\/mentions-legales\/","og_locale":"fr_FR","og_type":"article","og_title":"Mentions L\u00e9gales - AMY Photobooth | Location de photobooth \u00e0 Saint-Martin-de-Crau","og_description":"1. \u00c9diteur du site Le pr\u00e9sent site est \u00e9dit\u00e9 par : Alexis Yckache Auto-entrepreneur \u2013 Photographe Nom commercial : AMYPhotobooth Email : alexis.yckache@yahoo.fr Le responsable de la publication est Alexis Yckache. 2. H\u00e9bergement Le site est h\u00e9berg\u00e9 par : OVHcloud 2 rue Kellermann 59100 Roubaix \u2013 France Site web :https:\/\/www.ovh.com 3. Propri\u00e9t\u00e9 intellectuelle L\u2019ensemble du [&hellip;]","og_url":"https:\/\/www.amybooth.fr\/index.php\/mentions-legales\/","og_site_name":"AMY Photobooth | Location de photobooth \u00e0 Saint-Martin-de-Crau","article_publisher":"https:\/\/www.facebook.com\/profile.php?id=100074641773813","article_modified_time":"2026-03-12T15:31:38+00:00","twitter_card":"summary_large_image","twitter_misc":{"Dur\u00e9e de lecture estim\u00e9e":"2 minutes"},"schema":{"@context":"https:\/\/schema.org","@graph":[{"@type":"WebPage","@id":"https:\/\/www.amybooth.fr\/index.php\/mentions-legales\/","url":"https:\/\/www.amybooth.fr\/index.php\/mentions-legales\/","name":"Mentions L\u00e9gales - AMY Photobooth | Location de photobooth \u00e0 Saint-Martin-de-Crau","isPartOf":{"@id":"https:\/\/www.amybooth.fr\/#website"},"datePublished":"2026-03-12T15:04:20+00:00","dateModified":"2026-03-12T15:31:38+00:00","breadcrumb":{"@id":"https:\/\/www.amybooth.fr\/index.php\/mentions-legales\/#breadcrumb"},"inLanguage":"fr-FR","potentialAction":[{"@type":"ReadAction","target":["https:\/\/www.amybooth.fr\/index.php\/mentions-legales\/"]}]},{"@type":"BreadcrumbList","@id":"https:\/\/www.amybooth.fr\/index.php\/mentions-legales\/#breadcrumb","itemListElement":[{"@type":"ListItem","position":1,"name":"Home","item":"https:\/\/www.amybooth.fr\/"},{"@type":"ListItem","position":2,"name":"Mentions L\u00e9gales"}]},{"@type":"WebSite","@id":"https:\/\/www.amybooth.fr\/#website","url":"https:\/\/www.amybooth.fr\/","name":"AMY Photobooth | Location de photobooth \u00e0 Saint-Martin-de-Crau","description":"Location de photobooth pour mariages, anniversaires et \u00e9v\u00e9nements dans les Bouches-du-Rh\u00f4ne. Bas\u00e9 \u00e0 Saint-Martin-de-Crau, Amy Photobooth se d\u00e9place \u00e0 Arles, Salon-de-Provence, Istres, Miramas, Avignon et alentours.","potentialAction":[{"@type":"SearchAction","target":{"@type":"EntryPoint","urlTemplate":"https:\/\/www.amybooth.fr\/?s={search_term_string}"},"query-input":{"@type":"PropertyValueSpecification","valueRequired":true,"valueName":"search_term_string"}}],"inLanguage":"fr-FR"}]}},"_links":{"self":[{"href":"https:\/\/www.amybooth.fr\/index.php\/wp-json\/wp\/v2\/pages\/197","targetHints":{"allow":["GET"]}}],"collection":[{"href":"https:\/\/www.amybooth.fr\/index.php\/wp-json\/wp\/v2\/pages"}],"about":[{"href":"https:\/\/www.amybooth.fr\/index.php\/wp-json\/wp\/v2\/types\/page"}],"author":[{"embeddable":true,"href":"https:\/\/www.amybooth.fr\/index.php\/wp-json\/wp\/v2\/users\/1"}],"replies":[{"embeddable":true,"href":"https:\/\/www.amybooth.fr\/index.php\/wp-json\/wp\/v2\/comments?post=197"}],"version-history":[{"count":10,"href":"https:\/\/www.amybooth.fr\/index.php\/wp-json\/wp\/v2\/pages\/197\/revisions"}],"predecessor-version":[{"id":231,"href":"https:\/\/www.amybooth.fr\/index.php\/wp-json\/wp\/v2\/pages\/197\/revisions\/231"}],"wp:attachment":[{"href":"https:\/\/www.amybooth.fr\/index.php\/wp-json\/wp\/v2\/media?parent=197"}],"curies":[{"name":"wp","href":"https:\/\/api.w.org\/{rel}","templated":true}]}}